{"id":20,"date":"2022-09-13T13:47:48","date_gmt":"2022-09-13T06:47:48","guid":{"rendered":"https:\/\/demo.vugiathanphap.com\/?page_id=20"},"modified":"2025-11-13T11:34:06","modified_gmt":"2025-11-13T04:34:06","slug":"lien-he","status":"publish","type":"page","link":"https:\/\/yuan-hung.com\/vi\/lien-he\/","title":{"rendered":"Li\u00ean h\u1ec7"},"content":{"rendered":"<h2>C\u00d4NG TY TNHH TM DV YUAN HUNG<\/h2>\n<ul>\n<li>Vi\u1ec7t Nam: 112 \u0111\u01b0\u1eddng s\u1ed1 19, B\u00ecnh Tr\u1ecb \u0110\u00f4ng B, B\u00ecnh T\u00e2n, TP HCM<\/li>\n<li>\u00a0Tel: 028-62780618<\/li>\n<li>\u00a0Taiwan : No. 21, Ln.106,Lunping N.Rd.,Changhua 500, Taiwan(R.O.C)<\/li>\n<li>\u00a0Tel\/ Fax : (886) 04-7638863<\/li>\n<li>\u00a0yuanhung.sewing@gmail.com<\/li>\n<li>\u00a00317351335<\/li>\n<li>\u00a0yuan-hung.com<\/li>\n<\/ul>\n<h2>G\u1eecI LI\u00caN H\u1ec6<\/h2>\n<p><iframe title=\"112 \u0111\u01b0\u1eddng s\u1ed1 19, B\u00ecnh Tr\u1ecb \u0110\u00f4ng B, B\u00ecnh T\u00e2n, TP HCM\" src=\"https:\/\/maps.google.com\/maps?q=112%20%C4%91%C6%B0%E1%BB%9Dng%20s%E1%BB%91%2019%2C%20B%C3%ACnh%20Tr%E1%BB%8B%20%C4%90%C3%B4ng%20B%2C%20B%C3%ACnh%20T%C3%A2n%2C%20TP%20HCM&amp;t=m&amp;z=16&amp;output=embed&amp;iwloc=near\" frameborder=\"0\" marginwidth=\"0\" marginheight=\"0\" scrolling=\"no\" aria-label=\"112 \u0111\u01b0\u1eddng s\u1ed1 19, B\u00ecnh Tr\u1ecb \u0110\u00f4ng B, B\u00ecnh T\u00e2n, TP HCM\"><\/iframe><\/p>\n","protected":false},"excerpt":{"rendered":"<p>C\u00d4NG TY TNHH TM DV YUAN HUNG Vi\u1ec7t Nam: 112 \u0111\u01b0\u1eddng s\u1ed1 19, B\u00ecnh Tr\u1ecb \u0110\u00f4ng B, B\u00ecnh T\u00e2n, TP HCM \u00a0Tel: 028-62780618 \u00a0Taiwan : No. 21, Ln.106,Lunping N.Rd.,Changhua 500, Taiwan(R.O.C) \u00a0Tel\/ Fax : (886) 04-7638863 \u00a0yuanhung.sewing@gmail.com \u00a00317351335 \u00a0yuan-hung.com G\u1eecI LI\u00caN H\u1ec6<\/p>\n","protected":false},"author":1,"featured_media":0,"parent":0,"menu_order":0,"comment_status":"closed","ping_status":"closed","template":"elementor_header_footer","meta":{"site-sidebar-layout":"no-sidebar","site-content-layout":"page-builder","ast-global-header-display":"","ast-main-header-display":"","ast-hfb-above-header-display":"","ast-hfb-below-header-display":"","ast-hfb-mobile-header-display":"","site-post-title":"disabled","ast-breadcrumbs-content":"","ast-featured-img":"disabled","footer-sml-layout":"","theme-transparent-header-meta":"default","adv-header-id-meta":"","stick-header-meta":"","header-above-stick-meta":"","header-main-stick-meta":"","header-below-stick-meta":""},"_links":{"self":[{"href":"https:\/\/yuan-hung.com\/vi\/wp-json\/wp\/v2\/pages\/20"}],"collection":[{"href":"https:\/\/yuan-hung.com\/vi\/wp-json\/wp\/v2\/pages"}],"about":[{"href":"https:\/\/yuan-hung.com\/vi\/wp-json\/wp\/v2\/types\/page"}],"author":[{"embeddable":true,"href":"https:\/\/yuan-hung.com\/vi\/wp-json\/wp\/v2\/users\/1"}],"replies":[{"embeddable":true,"href":"https:\/\/yuan-hung.com\/vi\/wp-json\/wp\/v2\/comments?post=20"}],"version-history":[{"count":44,"href":"https:\/\/yuan-hung.com\/vi\/wp-json\/wp\/v2\/pages\/20\/revisions"}],"predecessor-version":[{"id":5606,"href":"https:\/\/yuan-hung.com\/vi\/wp-json\/wp\/v2\/pages\/20\/revisions\/5606"}],"wp:attachment":[{"href":"https:\/\/yuan-hung.com\/vi\/wp-json\/wp\/v2\/media?parent=20"}],"curies":[{"name":"wp","href":"https:\/\/api.w.org\/{rel}","templated":true}]}}