{"id":177,"date":"2022-09-14T09:40:49","date_gmt":"2022-09-14T02:40:49","guid":{"rendered":"https:\/\/demo.vugiathanphap.com\/?post_type=product&#038;p=177"},"modified":"2022-10-10T10:11:30","modified_gmt":"2022-10-10T03:11:30","slug":"may-vat-so-4-ong","status":"publish","type":"product","link":"https:\/\/yuan-hung.com\/vi\/san-pham\/may-vat-so-4-ong\/","title":{"rendered":"M\u00e1y v\u1eaft s\u1ed5 4 \u1ed1ng YL-14H"},"content":{"rendered":"<p>D\u00f2ng m\u00e1y n\u00e0y ph\u00f9 h\u1ee3p v\u1edbi m\u1ecdi lo\u1ea1i v\u1eadt li\u1ec7u m\u1ecfng, v\u1eadt li\u1ec7u v\u1eeba v\u00e0 n\u1eb7ng, v\u00e0 c\u00e1c c\u00f4ng vi\u1ec7c may vi\u1ec1n ho\u1eb7c may v\u1ea3i. Do s\u1eed d\u1ee5ng thi\u1ebft b\u1ecb b\u00f4i tr\u01a1n t\u1ef1 \u0111\u1ed9ng n\u00ean c\u00f3 th\u1ec3 v\u1eadn h\u00e0nh tr\u01a1n tru. \u0110\u1ed9 c\u0103ng \u0111\u01b0\u1eddng may th\u1ea5p, \u0111\u01b0\u1eddng may \u1ed5n \u0111\u1ecbnh v\u00e0 \u0111\u1eb9p c\u00f3 th\u1ec3 \u0111\u01b0\u1ee3c may ngay c\u1ea3 \u1edf t\u1ed1c \u0111\u1ed9 cao.<\/p>\n<p><img loading=\"lazy\" class=\"alignnone wp-image-1501\" src=\"https:\/\/khacphong.com\/wp-content\/uploads\/2022\/09\/yl-14h.1.2.3-300x90.jpg\" alt=\"\" width=\"947\" height=\"284\" srcset=\"https:\/\/yuan-hung.com\/wp-content\/uploads\/2022\/09\/yl-14h.1.2.3-300x90.jpg 300w, https:\/\/yuan-hung.com\/wp-content\/uploads\/2022\/09\/yl-14h.1.2.3-600x179.jpg 600w, https:\/\/yuan-hung.com\/wp-content\/uploads\/2022\/09\/yl-14h.1.2.3.jpg 726w\" sizes=\"(max-width: 947px) 100vw, 947px\" \/><\/p>\n","protected":false},"excerpt":{"rendered":"<p>M\u00e3 s\u1ea3n ph\u1ea9m: YL-14H<\/p>\n","protected":false},"featured_media":1503,"comment_status":"open","ping_status":"closed","template":"","meta":{"site-sidebar-layout":"default","site-content-layout":"default","ast-global-header-display":"","ast-main-header-display":"","ast-hfb-above-header-display":"","ast-hfb-below-header-display":"","ast-hfb-mobile-header-display":"","site-post-title":"","ast-breadcrumbs-content":"","ast-featured-img":"","footer-sml-layout":"","theme-transparent-header-meta":"default","adv-header-id-meta":"","stick-header-meta":"","header-above-stick-meta":"","header-main-stick-meta":"","header-below-stick-meta":""},"product_cat":[15,35],"product_tag":[],"_links":{"self":[{"href":"https:\/\/yuan-hung.com\/vi\/wp-json\/wp\/v2\/product\/177"}],"collection":[{"href":"https:\/\/yuan-hung.com\/vi\/wp-json\/wp\/v2\/product"}],"about":[{"href":"https:\/\/yuan-hung.com\/vi\/wp-json\/wp\/v2\/types\/product"}],"replies":[{"embeddable":true,"href":"https:\/\/yuan-hung.com\/vi\/wp-json\/wp\/v2\/comments?post=177"}],"wp:featuredmedia":[{"embeddable":true,"href":"https:\/\/yuan-hung.com\/vi\/wp-json\/wp\/v2\/media\/1503"}],"wp:attachment":[{"href":"https:\/\/yuan-hung.com\/vi\/wp-json\/wp\/v2\/media?parent=177"}],"wp:term":[{"taxonomy":"product_cat","embeddable":true,"href":"https:\/\/yuan-hung.com\/vi\/wp-json\/wp\/v2\/product_cat?post=177"},{"taxonomy":"product_tag","embeddable":true,"href":"https:\/\/yuan-hung.com\/vi\/wp-json\/wp\/v2\/product_tag?post=177"}],"curies":[{"name":"wp","href":"https:\/\/api.w.org\/{rel}","templated":true}]}}