{"id":2017,"date":"2022-10-04T15:42:37","date_gmt":"2022-10-04T08:42:37","guid":{"rendered":"https:\/\/khacphong.com\/?post_type=product&#038;p=2017"},"modified":"2022-10-10T09:57:05","modified_gmt":"2022-10-10T02:57:05","slug":"may-tru-2-kim-yl-32","status":"publish","type":"product","link":"https:\/\/yuan-hung.com\/vi\/san-pham\/may-tru-2-kim-yl-32\/","title":{"rendered":"M\u00e1y tr\u1ee5 2 kim YL-32"},"content":{"rendered":"<p>Th\u00edch h\u1ee3p cho may n\u00f3n, gi\u00e0y da, v\u00ed da.<\/p>\n<p>C\u00f3 c\u1ea7n l\u1ea1i m\u1ed1i, l\u1eafp ch\u00e2n v\u1ecbt ho\u1eb7c b\u00e1nh xe \u0111\u1ec1u may \u0111\u01b0\u1ee3c.<\/p>\n<p><img loading=\"lazy\" class=\"alignnone  wp-image-1523\" src=\"https:\/\/khacphong.com\/wp-content\/uploads\/2022\/09\/yl-31.1-300x76.jpg\" alt=\"\" width=\"580\" height=\"147\" srcset=\"https:\/\/yuan-hung.com\/wp-content\/uploads\/2022\/09\/yl-31.1-300x76.jpg 300w, https:\/\/yuan-hung.com\/wp-content\/uploads\/2022\/09\/yl-31.1-768x194.jpg 768w, https:\/\/yuan-hung.com\/wp-content\/uploads\/2022\/09\/yl-31.1-600x152.jpg 600w, https:\/\/yuan-hung.com\/wp-content\/uploads\/2022\/09\/yl-31.1.jpg 921w\" sizes=\"(max-width: 580px) 100vw, 580px\" \/><\/p>\n","protected":false},"excerpt":{"rendered":"<p>M\u00e3 s\u1ea3n ph\u1ea9m: YL-32<\/p>\n","protected":false},"featured_media":2019,"comment_status":"open","ping_status":"closed","template":"","meta":{"site-sidebar-layout":"default","site-content-layout":"default","ast-global-header-display":"","ast-main-header-display":"","ast-hfb-above-header-display":"","ast-hfb-below-header-display":"","ast-hfb-mobile-header-display":"","site-post-title":"","ast-breadcrumbs-content":"","ast-featured-img":"","footer-sml-layout":"","theme-transparent-header-meta":"default","adv-header-id-meta":"","stick-header-meta":"","header-above-stick-meta":"","header-main-stick-meta":"","header-below-stick-meta":""},"product_cat":[15,35],"product_tag":[],"_links":{"self":[{"href":"https:\/\/yuan-hung.com\/vi\/wp-json\/wp\/v2\/product\/2017"}],"collection":[{"href":"https:\/\/yuan-hung.com\/vi\/wp-json\/wp\/v2\/product"}],"about":[{"href":"https:\/\/yuan-hung.com\/vi\/wp-json\/wp\/v2\/types\/product"}],"replies":[{"embeddable":true,"href":"https:\/\/yuan-hung.com\/vi\/wp-json\/wp\/v2\/comments?post=2017"}],"wp:featuredmedia":[{"embeddable":true,"href":"https:\/\/yuan-hung.com\/vi\/wp-json\/wp\/v2\/media\/2019"}],"wp:attachment":[{"href":"https:\/\/yuan-hung.com\/vi\/wp-json\/wp\/v2\/media?parent=2017"}],"wp:term":[{"taxonomy":"product_cat","embeddable":true,"href":"https:\/\/yuan-hung.com\/vi\/wp-json\/wp\/v2\/product_cat?post=2017"},{"taxonomy":"product_tag","embeddable":true,"href":"https:\/\/yuan-hung.com\/vi\/wp-json\/wp\/v2\/product_tag?post=2017"}],"curies":[{"name":"wp","href":"https:\/\/api.w.org\/{rel}","templated":true}]}}