{"id":2030,"date":"2022-10-05T08:58:35","date_gmt":"2022-10-05T01:58:35","guid":{"rendered":"https:\/\/khacphong.com\/?post_type=product&#038;p=2030"},"modified":"2022-10-05T09:00:08","modified_gmt":"2022-10-05T02:00:08","slug":"may-tru-dau-vuong-2-kim-yl-42","status":"publish","type":"product","link":"https:\/\/yuan-hung.com\/vi\/san-pham\/may-tru-dau-vuong-2-kim-yl-42\/","title":{"rendered":"M\u00e1y tr\u1ee5 \u0111\u1ea7u vu\u00f4ng 2 kim YL-42"},"content":{"rendered":"<p>Th\u00edch h\u1ee3p may c\u00e1c b\u1ec1 m\u1eb7t cong ho\u1eb7c h\u1eb9p c\u1ee7a s\u1ea3n ph\u1ea9m b\u1eb1ng c\u00e1c ch\u1ea5t li\u1ec7u da t\u1ed5ng h\u1ee3p nh\u01b0 gi\u00e0y th\u1ec3 thao, m\u0169, gi\u00e0y, t\u00fai da, v.v<\/p>\n<p><img loading=\"lazy\" class=\"alignnone wp-image-1531\" src=\"https:\/\/khacphong.com\/wp-content\/uploads\/2022\/09\/yl-41.1.2-300x74.jpg\" alt=\"\" width=\"1006\" height=\"248\" srcset=\"https:\/\/yuan-hung.com\/wp-content\/uploads\/2022\/09\/yl-41.1.2-300x74.jpg 300w, https:\/\/yuan-hung.com\/wp-content\/uploads\/2022\/09\/yl-41.1.2-768x190.jpg 768w, https:\/\/yuan-hung.com\/wp-content\/uploads\/2022\/09\/yl-41.1.2-600x148.jpg 600w, https:\/\/yuan-hung.com\/wp-content\/uploads\/2022\/09\/yl-41.1.2.jpg 911w\" sizes=\"(max-width: 1006px) 100vw, 1006px\" \/><\/p>\n","protected":false},"excerpt":{"rendered":"<p>M\u00e3 s\u1ea3n ph\u1ea9m: YL-42<\/p>\n","protected":false},"featured_media":1537,"comment_status":"open","ping_status":"closed","template":"","meta":{"site-sidebar-layout":"default","site-content-layout":"default","ast-global-header-display":"","ast-main-header-display":"","ast-hfb-above-header-display":"","ast-hfb-below-header-display":"","ast-hfb-mobile-header-display":"","site-post-title":"","ast-breadcrumbs-content":"","ast-featured-img":"","footer-sml-layout":"","theme-transparent-header-meta":"default","adv-header-id-meta":"","stick-header-meta":"","header-above-stick-meta":"","header-main-stick-meta":"","header-below-stick-meta":""},"product_cat":[15,35],"product_tag":[],"_links":{"self":[{"href":"https:\/\/yuan-hung.com\/vi\/wp-json\/wp\/v2\/product\/2030"}],"collection":[{"href":"https:\/\/yuan-hung.com\/vi\/wp-json\/wp\/v2\/product"}],"about":[{"href":"https:\/\/yuan-hung.com\/vi\/wp-json\/wp\/v2\/types\/product"}],"replies":[{"embeddable":true,"href":"https:\/\/yuan-hung.com\/vi\/wp-json\/wp\/v2\/comments?post=2030"}],"wp:featuredmedia":[{"embeddable":true,"href":"https:\/\/yuan-hung.com\/vi\/wp-json\/wp\/v2\/media\/1537"}],"wp:attachment":[{"href":"https:\/\/yuan-hung.com\/vi\/wp-json\/wp\/v2\/media?parent=2030"}],"wp:term":[{"taxonomy":"product_cat","embeddable":true,"href":"https:\/\/yuan-hung.com\/vi\/wp-json\/wp\/v2\/product_cat?post=2030"},{"taxonomy":"product_tag","embeddable":true,"href":"https:\/\/yuan-hung.com\/vi\/wp-json\/wp\/v2\/product_tag?post=2030"}],"curies":[{"name":"wp","href":"https:\/\/api.w.org\/{rel}","templated":true}]}}