{"id":2034,"date":"2022-10-05T09:16:33","date_gmt":"2022-10-05T02:16:33","guid":{"rendered":"https:\/\/khacphong.com\/?post_type=product&#038;p=2034"},"modified":"2022-10-05T09:33:00","modified_gmt":"2022-10-05T02:33:00","slug":"may-tru-dau-vuong-2-kim-tu-dong-cat-chi-lai-mui-nang-chan-vit-lien-truc-yl-42d-bt","status":"publish","type":"product","link":"https:\/\/yuan-hung.com\/vi\/san-pham\/may-tru-dau-vuong-2-kim-tu-dong-cat-chi-lai-mui-nang-chan-vit-lien-truc-yl-42d-bt\/","title":{"rendered":"M\u00e1y tr\u1ee5 \u0111\u1ea7u vu\u00f4ng 2 kim t\u1ef1 \u0111\u1ed9ng c\u1eaft ch\u1ec9\/l\u1ea1i m\u0169i\/n\u00e2ng ch\u00e2n v\u1ecbt (li\u1ec1n tr\u1ee5c) YL-42D-BT"},"content":{"rendered":"<p>Th\u00edch h\u1ee3p may gi\u00e0y th\u1ec3 thao, gi\u00e0y c\u00f4ng s\u1edf, gi\u00e0y th\u01b0\u1eddng, gi\u00e0y b\u00f4ng, gi\u00e0y tr\u1ebb em, may gi\u00e0y da cao c\u1ea5p.<\/p>\n<p><img loading=\"lazy\" class=\"alignnone wp-image-1413\" src=\"https:\/\/khacphong.com\/wp-content\/uploads\/2022\/09\/41d-bt.1.2-300x75.jpg\" alt=\"\" width=\"812\" height=\"203\" srcset=\"https:\/\/yuan-hung.com\/wp-content\/uploads\/2022\/09\/41d-bt.1.2-300x75.jpg 300w, https:\/\/yuan-hung.com\/wp-content\/uploads\/2022\/09\/41d-bt.1.2-768x191.jpg 768w, https:\/\/yuan-hung.com\/wp-content\/uploads\/2022\/09\/41d-bt.1.2-600x149.jpg 600w, https:\/\/yuan-hung.com\/wp-content\/uploads\/2022\/09\/41d-bt.1.2.jpg 941w\" sizes=\"(max-width: 812px) 100vw, 812px\" \/><\/p>\n","protected":false},"excerpt":{"rendered":"<p>M\u00e3 s\u1ea3n ph\u1ea9m: YL-42D-BT<\/p>\n<p>&nbsp;<\/p>\n","protected":false},"featured_media":2035,"comment_status":"open","ping_status":"closed","template":"","meta":{"site-sidebar-layout":"default","site-content-layout":"default","ast-global-header-display":"","ast-main-header-display":"","ast-hfb-above-header-display":"","ast-hfb-below-header-display":"","ast-hfb-mobile-header-display":"","site-post-title":"","ast-breadcrumbs-content":"","ast-featured-img":"","footer-sml-layout":"","theme-transparent-header-meta":"default","adv-header-id-meta":"","stick-header-meta":"","header-above-stick-meta":"","header-main-stick-meta":"","header-below-stick-meta":""},"product_cat":[15,35],"product_tag":[],"_links":{"self":[{"href":"https:\/\/yuan-hung.com\/vi\/wp-json\/wp\/v2\/product\/2034"}],"collection":[{"href":"https:\/\/yuan-hung.com\/vi\/wp-json\/wp\/v2\/product"}],"about":[{"href":"https:\/\/yuan-hung.com\/vi\/wp-json\/wp\/v2\/types\/product"}],"replies":[{"embeddable":true,"href":"https:\/\/yuan-hung.com\/vi\/wp-json\/wp\/v2\/comments?post=2034"}],"wp:featuredmedia":[{"embeddable":true,"href":"https:\/\/yuan-hung.com\/vi\/wp-json\/wp\/v2\/media\/2035"}],"wp:attachment":[{"href":"https:\/\/yuan-hung.com\/vi\/wp-json\/wp\/v2\/media?parent=2034"}],"wp:term":[{"taxonomy":"product_cat","embeddable":true,"href":"https:\/\/yuan-hung.com\/vi\/wp-json\/wp\/v2\/product_cat?post=2034"},{"taxonomy":"product_tag","embeddable":true,"href":"https:\/\/yuan-hung.com\/vi\/wp-json\/wp\/v2\/product_tag?post=2034"}],"curies":[{"name":"wp","href":"https:\/\/api.w.org\/{rel}","templated":true}]}}