{"id":2042,"date":"2022-10-05T09:40:23","date_gmt":"2022-10-05T02:40:23","guid":{"rendered":"https:\/\/khacphong.com\/?post_type=product&#038;p=2042"},"modified":"2022-10-05T11:28:27","modified_gmt":"2022-10-05T04:28:27","slug":"may-may-mieng-bao-cam-tay-yl-2","status":"publish","type":"product","link":"https:\/\/yuan-hung.com\/vi\/san-pham\/may-may-mieng-bao-cam-tay-yl-2\/","title":{"rendered":"M\u00e1y may mi\u1ec7ng bao c\u1ea7m tay YL-2"},"content":{"rendered":"<p>Th\u00edch h\u1ee3p cho t\u1ea5t c\u1ea3 c\u00e1c lo\u1ea1i v\u1eadt li\u1ec7u \u0111\u00f3ng g\u00f3i trong ng\u00e0nh c\u00f4ng nghi\u1ec7p kh\u00e1c nhau<\/p>\n<p>\u0110\u01b0\u1eddng may m\u1eaft x\u00edch \u0111\u01a1n, \u0111\u1ed9 \u0111\u00e0n h\u1ed3i t\u1ed1t, ch\u1eafc ch\u1eafn, th\u00e1o l\u1eafp thu\u1eadn ti\u1ec7n, thao t\u00e1c \u0111\u01a1n gi\u1ea3n, d\u1ec5 d\u00e0ng s\u1eeda ch\u1eefa<\/p>\n<p>.<img loading=\"lazy\" class=\"alignnone wp-image-2039\" src=\"https:\/\/khacphong.com\/wp-content\/uploads\/2022\/10\/2016062909542334-300x88.jpg\" alt=\"\" width=\"736\" height=\"216\" srcset=\"https:\/\/yuan-hung.com\/wp-content\/uploads\/2022\/10\/2016062909542334-300x88.jpg 300w, https:\/\/yuan-hung.com\/wp-content\/uploads\/2022\/10\/2016062909542334-600x177.jpg 600w, https:\/\/yuan-hung.com\/wp-content\/uploads\/2022\/10\/2016062909542334.jpg 665w\" sizes=\"(max-width: 736px) 100vw, 736px\" \/><\/p>\n<p>&nbsp;<\/p>\n","protected":false},"excerpt":{"rendered":"<p>M\u00e3 s\u1ea3n ph\u1ea9m: YL-2<\/p>\n","protected":false},"featured_media":1499,"comment_status":"open","ping_status":"closed","template":"","meta":{"site-sidebar-layout":"default","site-content-layout":"default","ast-global-header-display":"","ast-main-header-display":"","ast-hfb-above-header-display":"","ast-hfb-below-header-display":"","ast-hfb-mobile-header-display":"","site-post-title":"","ast-breadcrumbs-content":"","ast-featured-img":"","footer-sml-layout":"","theme-transparent-header-meta":"default","adv-header-id-meta":"","stick-header-meta":"","header-above-stick-meta":"","header-main-stick-meta":"","header-below-stick-meta":""},"product_cat":[34,235,39],"product_tag":[],"_links":{"self":[{"href":"https:\/\/yuan-hung.com\/vi\/wp-json\/wp\/v2\/product\/2042"}],"collection":[{"href":"https:\/\/yuan-hung.com\/vi\/wp-json\/wp\/v2\/product"}],"about":[{"href":"https:\/\/yuan-hung.com\/vi\/wp-json\/wp\/v2\/types\/product"}],"replies":[{"embeddable":true,"href":"https:\/\/yuan-hung.com\/vi\/wp-json\/wp\/v2\/comments?post=2042"}],"wp:featuredmedia":[{"embeddable":true,"href":"https:\/\/yuan-hung.com\/vi\/wp-json\/wp\/v2\/media\/1499"}],"wp:attachment":[{"href":"https:\/\/yuan-hung.com\/vi\/wp-json\/wp\/v2\/media?parent=2042"}],"wp:term":[{"taxonomy":"product_cat","embeddable":true,"href":"https:\/\/yuan-hung.com\/vi\/wp-json\/wp\/v2\/product_cat?post=2042"},{"taxonomy":"product_tag","embeddable":true,"href":"https:\/\/yuan-hung.com\/vi\/wp-json\/wp\/v2\/product_tag?post=2042"}],"curies":[{"name":"wp","href":"https:\/\/api.w.org\/{rel}","templated":true}]}}