{"id":2048,"date":"2022-10-05T11:21:24","date_gmt":"2022-10-05T04:21:24","guid":{"rendered":"https:\/\/khacphong.com\/?post_type=product&#038;p=2048"},"modified":"2022-10-25T15:26:01","modified_gmt":"2022-10-25T08:26:01","slug":"may-may-mieng-bao-cam-tay-kps-1","status":"publish","type":"product","link":"https:\/\/yuan-hung.com\/vi\/san-pham\/may-may-mieng-bao-cam-tay-kps-1\/","title":{"rendered":"M\u00e1y may mi\u1ec7ng bao c\u1ea7m tay KPS-1"},"content":{"rendered":"<p>May l\u1ea1i mi\u1ec7ng v\u00e0 \u0111\u00e1y bao, c\u00e1c v\u1eady li\u1ec7u \u0111\u00f3ng g\u00f3i trong nganh c\u00f4ng nghi\u1ec7p kh\u00e1c nhau<\/p>\n<p>\u0110\u01b0\u1eddng may \u0111\u1eb9p, m\u00e1y m\u00f3c d\u1ec5 s\u1eed d\u1ee5ng, th\u00e1o l\u1eafp v\u00e0 s\u1eeda ch\u1eefa d\u1ec5 d\u00e0ng<\/p>\n<p><img loading=\"lazy\" class=\"alignnone wp-image-2049\" src=\"https:\/\/khacphong.com\/wp-content\/uploads\/2022\/10\/2016062909542334-1-300x88.png\" alt=\"\" width=\"740\" height=\"217\" srcset=\"https:\/\/yuan-hung.com\/wp-content\/uploads\/2022\/10\/2016062909542334-1-300x88.png 300w, https:\/\/yuan-hung.com\/wp-content\/uploads\/2022\/10\/2016062909542334-1-600x177.png 600w, https:\/\/yuan-hung.com\/wp-content\/uploads\/2022\/10\/2016062909542334-1.png 665w\" sizes=\"(max-width: 740px) 100vw, 740px\" \/><\/p>\n","protected":false},"excerpt":{"rendered":"<p>M\u00e3 s\u1ea3n ph\u1ea9m: KPS-1<\/p>\n","protected":false},"featured_media":2794,"comment_status":"open","ping_status":"closed","template":"","meta":{"site-sidebar-layout":"default","site-content-layout":"default","ast-global-header-display":"","ast-main-header-display":"","ast-hfb-above-header-display":"","ast-hfb-below-header-display":"","ast-hfb-mobile-header-display":"","site-post-title":"","ast-breadcrumbs-content":"","ast-featured-img":"","footer-sml-layout":"","theme-transparent-header-meta":"default","adv-header-id-meta":"","stick-header-meta":"","header-above-stick-meta":"","header-main-stick-meta":"","header-below-stick-meta":""},"product_cat":[34,235,42],"product_tag":[],"_links":{"self":[{"href":"https:\/\/yuan-hung.com\/vi\/wp-json\/wp\/v2\/product\/2048"}],"collection":[{"href":"https:\/\/yuan-hung.com\/vi\/wp-json\/wp\/v2\/product"}],"about":[{"href":"https:\/\/yuan-hung.com\/vi\/wp-json\/wp\/v2\/types\/product"}],"replies":[{"embeddable":true,"href":"https:\/\/yuan-hung.com\/vi\/wp-json\/wp\/v2\/comments?post=2048"}],"wp:featuredmedia":[{"embeddable":true,"href":"https:\/\/yuan-hung.com\/vi\/wp-json\/wp\/v2\/media\/2794"}],"wp:attachment":[{"href":"https:\/\/yuan-hung.com\/vi\/wp-json\/wp\/v2\/media?parent=2048"}],"wp:term":[{"taxonomy":"product_cat","embeddable":true,"href":"https:\/\/yuan-hung.com\/vi\/wp-json\/wp\/v2\/product_cat?post=2048"},{"taxonomy":"product_tag","embeddable":true,"href":"https:\/\/yuan-hung.com\/vi\/wp-json\/wp\/v2\/product_tag?post=2048"}],"curies":[{"name":"wp","href":"https:\/\/api.w.org\/{rel}","templated":true}]}}