{"id":2060,"date":"2022-10-05T11:54:52","date_gmt":"2022-10-05T04:54:52","guid":{"rendered":"https:\/\/khacphong.com\/?post_type=product&#038;p=2060"},"modified":"2022-10-05T11:54:52","modified_gmt":"2022-10-05T04:54:52","slug":"may-may-bao-n600h","status":"publish","type":"product","link":"https:\/\/yuan-hung.com\/vi\/san-pham\/may-may-bao-n600h\/","title":{"rendered":"M\u00e1y may bao N600H"},"content":{"rendered":"<p>Ng\u0103n ch\u1eb7n hi\u1ec7u qu\u1ea3 tr\u01b0\u1eddng h\u1ee3p s\u1ea3n ph\u1ea9m b\u1ecb r\u00f2 r\u1ec9, th\u00edch h\u1ee3p cho bao b\u00ec \u0111\u00f3ng g\u00f3i c\u00e1c d\u1ea1ng h\u1ea1t v\u00e0 b\u1ed9t<\/p>\n<p><img loading=\"lazy\" class=\"alignnone  wp-image-2061\" src=\"https:\/\/khacphong.com\/wp-content\/uploads\/2022\/10\/201606291083076-300x93.jpg\" alt=\"\" width=\"652\" height=\"202\" srcset=\"https:\/\/yuan-hung.com\/wp-content\/uploads\/2022\/10\/201606291083076-300x93.jpg 300w, https:\/\/yuan-hung.com\/wp-content\/uploads\/2022\/10\/201606291083076-600x185.jpg 600w, https:\/\/yuan-hung.com\/wp-content\/uploads\/2022\/10\/201606291083076.jpg 748w\" sizes=\"(max-width: 652px) 100vw, 652px\" \/><\/p>\n","protected":false},"excerpt":{"rendered":"<p>M\u00e3 s\u1ea3n ph\u1ea9m: N600H<\/p>\n","protected":false},"featured_media":2063,"comment_status":"open","ping_status":"closed","template":"","meta":{"site-sidebar-layout":"default","site-content-layout":"default","ast-global-header-display":"","ast-main-header-display":"","ast-hfb-above-header-display":"","ast-hfb-below-header-display":"","ast-hfb-mobile-header-display":"","site-post-title":"","ast-breadcrumbs-content":"","ast-featured-img":"","footer-sml-layout":"","theme-transparent-header-meta":"default","adv-header-id-meta":"","stick-header-meta":"","header-above-stick-meta":"","header-main-stick-meta":"","header-below-stick-meta":""},"product_cat":[34,235,41],"product_tag":[],"_links":{"self":[{"href":"https:\/\/yuan-hung.com\/vi\/wp-json\/wp\/v2\/product\/2060"}],"collection":[{"href":"https:\/\/yuan-hung.com\/vi\/wp-json\/wp\/v2\/product"}],"about":[{"href":"https:\/\/yuan-hung.com\/vi\/wp-json\/wp\/v2\/types\/product"}],"replies":[{"embeddable":true,"href":"https:\/\/yuan-hung.com\/vi\/wp-json\/wp\/v2\/comments?post=2060"}],"wp:featuredmedia":[{"embeddable":true,"href":"https:\/\/yuan-hung.com\/vi\/wp-json\/wp\/v2\/media\/2063"}],"wp:attachment":[{"href":"https:\/\/yuan-hung.com\/vi\/wp-json\/wp\/v2\/media?parent=2060"}],"wp:term":[{"taxonomy":"product_cat","embeddable":true,"href":"https:\/\/yuan-hung.com\/vi\/wp-json\/wp\/v2\/product_cat?post=2060"},{"taxonomy":"product_tag","embeddable":true,"href":"https:\/\/yuan-hung.com\/vi\/wp-json\/wp\/v2\/product_tag?post=2060"}],"curies":[{"name":"wp","href":"https:\/\/api.w.org\/{rel}","templated":true}]}}