{"id":2660,"date":"2022-10-10T08:42:01","date_gmt":"2022-10-10T01:42:01","guid":{"rendered":"https:\/\/khacphong.com\/?post_type=product&#038;p=2660"},"modified":"2022-10-10T08:42:01","modified_gmt":"2022-10-10T01:42:01","slug":"may-xen-yl-80","status":"publish","type":"product","link":"https:\/\/yuan-hung.com\/vi\/san-pham\/may-xen-yl-80\/","title":{"rendered":"M\u00e1y x\u00e9n YL-80"},"content":{"rendered":"<p>D\u00f9ng cho ng\u00e0nh gi\u00e0y da, balo, t\u00fai x\u00e1ch, x\u00e9n mi\u1ebfng l\u00f3t cho ch\u1ec9nh t\u1ec1, \u0111\u1eb9p m\u1eaft<\/p>\n<p><img loading=\"lazy\" class=\"alignnone  wp-image-1573\" src=\"https:\/\/khacphong.com\/wp-content\/uploads\/2022\/09\/yl-80.1-300x127.jpg\" alt=\"\" width=\"565\" height=\"239\" srcset=\"https:\/\/yuan-hung.com\/wp-content\/uploads\/2022\/09\/yl-80.1-300x127.jpg 300w, https:\/\/yuan-hung.com\/wp-content\/uploads\/2022\/09\/yl-80.1.jpg 384w\" sizes=\"(max-width: 565px) 100vw, 565px\" \/><\/p>\n","protected":false},"excerpt":{"rendered":"<p>M\u00e3 s\u1ea3n ph\u1ea9m: YL-80<\/p>\n","protected":false},"featured_media":1575,"comment_status":"open","ping_status":"closed","template":"","meta":{"site-sidebar-layout":"default","site-content-layout":"default","ast-global-header-display":"","ast-main-header-display":"","ast-hfb-above-header-display":"","ast-hfb-below-header-display":"","ast-hfb-mobile-header-display":"","site-post-title":"","ast-breadcrumbs-content":"","ast-featured-img":"","footer-sml-layout":"","theme-transparent-header-meta":"default","adv-header-id-meta":"","stick-header-meta":"","header-above-stick-meta":"","header-main-stick-meta":"","header-below-stick-meta":""},"product_cat":[15,35],"product_tag":[],"_links":{"self":[{"href":"https:\/\/yuan-hung.com\/vi\/wp-json\/wp\/v2\/product\/2660"}],"collection":[{"href":"https:\/\/yuan-hung.com\/vi\/wp-json\/wp\/v2\/product"}],"about":[{"href":"https:\/\/yuan-hung.com\/vi\/wp-json\/wp\/v2\/types\/product"}],"replies":[{"embeddable":true,"href":"https:\/\/yuan-hung.com\/vi\/wp-json\/wp\/v2\/comments?post=2660"}],"wp:featuredmedia":[{"embeddable":true,"href":"https:\/\/yuan-hung.com\/vi\/wp-json\/wp\/v2\/media\/1575"}],"wp:attachment":[{"href":"https:\/\/yuan-hung.com\/vi\/wp-json\/wp\/v2\/media?parent=2660"}],"wp:term":[{"taxonomy":"product_cat","embeddable":true,"href":"https:\/\/yuan-hung.com\/vi\/wp-json\/wp\/v2\/product_cat?post=2660"},{"taxonomy":"product_tag","embeddable":true,"href":"https:\/\/yuan-hung.com\/vi\/wp-json\/wp\/v2\/product_tag?post=2660"}],"curies":[{"name":"wp","href":"https:\/\/api.w.org\/{rel}","templated":true}]}}