{"id":2676,"date":"2022-10-10T14:02:26","date_gmt":"2022-10-10T07:02:26","guid":{"rendered":"https:\/\/khacphong.com\/?post_type=product&#038;p=2676"},"modified":"2022-10-10T14:04:37","modified_gmt":"2022-10-10T07:04:37","slug":"may-may-moka-2-kim-da-mau-yl-112cm-f","status":"publish","type":"product","link":"https:\/\/yuan-hung.com\/vi\/san-pham\/may-may-moka-2-kim-da-mau-yl-112cm-f\/","title":{"rendered":"M\u00e1y may MOKA 2 kim (\u0111a m\u1eabu) YL-112CM-F"},"content":{"rendered":"<p>B\u00e1nh xe ch\u00e2n v\u1ecbt c\u00f3 th\u1ec3 \u0111i\u1ec1u ch\u1ec9nh ti\u1ebfn l\u00f9i, tr\u00e1i ph\u1ea3i.<\/p>\n<p>C\u00f3 th\u1ec3 \u0111i\u1ec1u ch\u1ec9nh v\u1ecb tr\u00ed \u1ed5 chao \u0111\u1ec3 k\u00e9o d\u00e0i tu\u1ed5i th\u1ecd m\u00e1y.<\/p>\n<p>G\u1ed3m 7 b\u1ed9 cam m\u00e1y, t\u1ea1o ra 14 ki\u1ec3u m\u1eabu may, \u0111\u00e1p \u1ee9ng \u0111\u01b0\u1ee3c y\u00eau c\u1ea7u c\u1ee7a kh\u00e1ch h\u00e0ng. \u0110\u01b0\u1ee3c s\u1eed d\u1ee5ng may gi\u00e0y d\u00e9p, v\u00ed, \u0111\u1ed3 da, gh\u1ebf sofa,\u2026<\/p>\n<p><img loading=\"lazy\" class=\"alignnone  wp-image-1601\" src=\"https:\/\/khacphong.com\/wp-content\/uploads\/2022\/09\/yl-112cm-f.1-300x184.jpg\" alt=\"\" width=\"452\" height=\"277\" srcset=\"https:\/\/yuan-hung.com\/wp-content\/uploads\/2022\/09\/yl-112cm-f.1-300x184.jpg 300w, https:\/\/yuan-hung.com\/wp-content\/uploads\/2022\/09\/yl-112cm-f.1-768x472.jpg 768w, https:\/\/yuan-hung.com\/wp-content\/uploads\/2022\/09\/yl-112cm-f.1-600x368.jpg 600w, https:\/\/yuan-hung.com\/wp-content\/uploads\/2022\/09\/yl-112cm-f.1.jpg 863w\" sizes=\"(max-width: 452px) 100vw, 452px\" \/><\/p>\n","protected":false},"excerpt":{"rendered":"<p>M\u00e3 s\u1ea3n ph\u1ea9m: YL-112CM-F<\/p>\n","protected":false},"featured_media":1603,"comment_status":"open","ping_status":"closed","template":"","meta":{"site-sidebar-layout":"default","site-content-layout":"default","ast-global-header-display":"","ast-main-header-display":"","ast-hfb-above-header-display":"","ast-hfb-below-header-display":"","ast-hfb-mobile-header-display":"","site-post-title":"","ast-breadcrumbs-content":"","ast-featured-img":"","footer-sml-layout":"","theme-transparent-header-meta":"default","adv-header-id-meta":"","stick-header-meta":"","header-above-stick-meta":"","header-main-stick-meta":"","header-below-stick-meta":""},"product_cat":[15,35],"product_tag":[],"_links":{"self":[{"href":"https:\/\/yuan-hung.com\/vi\/wp-json\/wp\/v2\/product\/2676"}],"collection":[{"href":"https:\/\/yuan-hung.com\/vi\/wp-json\/wp\/v2\/product"}],"about":[{"href":"https:\/\/yuan-hung.com\/vi\/wp-json\/wp\/v2\/types\/product"}],"replies":[{"embeddable":true,"href":"https:\/\/yuan-hung.com\/vi\/wp-json\/wp\/v2\/comments?post=2676"}],"wp:featuredmedia":[{"embeddable":true,"href":"https:\/\/yuan-hung.com\/vi\/wp-json\/wp\/v2\/media\/1603"}],"wp:attachment":[{"href":"https:\/\/yuan-hung.com\/vi\/wp-json\/wp\/v2\/media?parent=2676"}],"wp:term":[{"taxonomy":"product_cat","embeddable":true,"href":"https:\/\/yuan-hung.com\/vi\/wp-json\/wp\/v2\/product_cat?post=2676"},{"taxonomy":"product_tag","embeddable":true,"href":"https:\/\/yuan-hung.com\/vi\/wp-json\/wp\/v2\/product_tag?post=2676"}],"curies":[{"name":"wp","href":"https:\/\/api.w.org\/{rel}","templated":true}]}}