{"id":2691,"date":"2022-10-12T14:38:51","date_gmt":"2022-10-12T07:38:51","guid":{"rendered":"https:\/\/khacphong.com\/?post_type=product&#038;p=2691"},"modified":"2022-10-12T14:38:51","modified_gmt":"2022-10-12T07:38:51","slug":"may-vien-buoc-moka-1-kim-yl-74","status":"publish","type":"product","link":"https:\/\/yuan-hung.com\/vi\/san-pham\/may-vien-buoc-moka-1-kim-yl-74\/","title":{"rendered":"M\u00e1y vi\u1ec1n b\u01b0\u1edbc MOKA 1 kim YL-74"},"content":{"rendered":"<p>M\u00e1y chuy\u00ean d\u00f9ng may vi\u1ec1n, khi xoay g\u00f3c \u1ed5n \u0111\u1ecbnh, gi\u1ea3m \u0111\u1ee9t g\u00e3y kim v\u00e0 ch\u1ec9, \u0111\u01b0\u1eddng may g\u1ecdn g\u00e0ng, \u0111\u1eb9p m\u1eaft.<\/p>\n<p>C\u00f4ng d\u1ee5ng:\u00a0 s\u1eed d\u1ee5ng may t\u00fai x\u00e1ch, gi\u00e0y d\u00e9p, th\u1eaft l\u01b0ng, y\u00ean xe, \u0111\u1ed3 da &#8230;.<\/p>\n<p><img loading=\"lazy\" class=\"alignnone  wp-image-1561\" src=\"https:\/\/khacphong.com\/wp-content\/uploads\/2022\/09\/yl-74.1-300x131.jpg\" alt=\"\" width=\"584\" height=\"255\" srcset=\"https:\/\/yuan-hung.com\/wp-content\/uploads\/2022\/09\/yl-74.1-300x131.jpg 300w, https:\/\/yuan-hung.com\/wp-content\/uploads\/2022\/09\/yl-74.1-600x262.jpg 600w, https:\/\/yuan-hung.com\/wp-content\/uploads\/2022\/09\/yl-74.1.jpg 724w\" sizes=\"(max-width: 584px) 100vw, 584px\" \/><\/p>\n","protected":false},"excerpt":{"rendered":"<p>M\u00e3 s\u1ea3n ph\u1ea9m: YL-74<\/p>\n","protected":false},"featured_media":1563,"comment_status":"open","ping_status":"closed","template":"","meta":{"site-sidebar-layout":"default","site-content-layout":"default","ast-global-header-display":"","ast-main-header-display":"","ast-hfb-above-header-display":"","ast-hfb-below-header-display":"","ast-hfb-mobile-header-display":"","site-post-title":"","ast-breadcrumbs-content":"","ast-featured-img":"","footer-sml-layout":"","theme-transparent-header-meta":"default","adv-header-id-meta":"","stick-header-meta":"","header-above-stick-meta":"","header-main-stick-meta":"","header-below-stick-meta":""},"product_cat":[15,35],"product_tag":[],"_links":{"self":[{"href":"https:\/\/yuan-hung.com\/vi\/wp-json\/wp\/v2\/product\/2691"}],"collection":[{"href":"https:\/\/yuan-hung.com\/vi\/wp-json\/wp\/v2\/product"}],"about":[{"href":"https:\/\/yuan-hung.com\/vi\/wp-json\/wp\/v2\/types\/product"}],"replies":[{"embeddable":true,"href":"https:\/\/yuan-hung.com\/vi\/wp-json\/wp\/v2\/comments?post=2691"}],"wp:featuredmedia":[{"embeddable":true,"href":"https:\/\/yuan-hung.com\/vi\/wp-json\/wp\/v2\/media\/1563"}],"wp:attachment":[{"href":"https:\/\/yuan-hung.com\/vi\/wp-json\/wp\/v2\/media?parent=2691"}],"wp:term":[{"taxonomy":"product_cat","embeddable":true,"href":"https:\/\/yuan-hung.com\/vi\/wp-json\/wp\/v2\/product_cat?post=2691"},{"taxonomy":"product_tag","embeddable":true,"href":"https:\/\/yuan-hung.com\/vi\/wp-json\/wp\/v2\/product_tag?post=2691"}],"curies":[{"name":"wp","href":"https:\/\/api.w.org\/{rel}","templated":true}]}}