{"id":2693,"date":"2022-10-12T15:08:54","date_gmt":"2022-10-12T08:08:54","guid":{"rendered":"https:\/\/khacphong.com\/?post_type=product&#038;p=2693"},"modified":"2022-10-12T15:14:12","modified_gmt":"2022-10-12T08:14:12","slug":"may-vien-buoc-moka-1-kim-yl-75","status":"publish","type":"product","link":"https:\/\/yuan-hung.com\/vi\/san-pham\/may-vien-buoc-moka-1-kim-yl-75\/","title":{"rendered":"M\u00e1y vi\u1ec1n b\u01b0\u1edbc MOKA 1 kim YL-75"},"content":{"rendered":"<p><span style=\"color: #000000;\">S\u1ee9c \u0111\u1ea9y h\u00e0ng c\u1ef1c m\u1ea1nh, may \u0111\u01b0\u1ee3c h\u00e0ng c\u1ef1c d\u00e0y. Ch\u00e2n v\u1ecbt thi\u1ebft k\u1ebf \u0111\u1eb7c bi\u1ec7t ti\u1ec7n cho m\u00e1y may h\u00e0ng d\u00e0y c\u00f3 \u0111\u01b0\u1eddng may \u0111\u1ec1u \u0111\u1eb7n, kh\u00f4ng l\u00e0m tr\u1ea7y x\u01b0\u1edbc b\u1ec1 m\u1eb7t v\u1eadt li\u1ec7u.<\/span><\/p>\n<p><span style=\"color: #000000;\">May \u0111\u01b0\u1ee3c v\u1eadt li\u1ec7u c\u1ef1c d\u00e0y v\u00e0 c\u1ee9ng. Th\u00edch h\u1ee3p may h\u1ed9p d\u1ee5ng c\u1ee5, h\u1ed9p \u0111\u1ef1ng \u0111\u1ed3 du l\u1ecbch, t\u00fai ch\u01a1i g\u00f4n, y\u00ean xe, d\u00e2y n\u1ecbt.<\/span><\/p>\n<p>.<img loading=\"lazy\" class=\"alignnone wp-image-1569\" src=\"https:\/\/khacphong.com\/wp-content\/uploads\/2022\/09\/yl-75.1-300x154.jpg\" alt=\"\" width=\"622\" height=\"319\" srcset=\"https:\/\/yuan-hung.com\/wp-content\/uploads\/2022\/09\/yl-75.1-300x154.jpg 300w, https:\/\/yuan-hung.com\/wp-content\/uploads\/2022\/09\/yl-75.1-600x308.jpg 600w, https:\/\/yuan-hung.com\/wp-content\/uploads\/2022\/09\/yl-75.1.jpg 720w\" sizes=\"(max-width: 622px) 100vw, 622px\" \/><\/p>\n","protected":false},"excerpt":{"rendered":"<p>M\u00e3 s\u1ea3n ph\u1ea9m: YL-75<\/p>\n","protected":false},"featured_media":2694,"comment_status":"open","ping_status":"closed","template":"","meta":{"site-sidebar-layout":"default","site-content-layout":"default","ast-global-header-display":"","ast-main-header-display":"","ast-hfb-above-header-display":"","ast-hfb-below-header-display":"","ast-hfb-mobile-header-display":"","site-post-title":"","ast-breadcrumbs-content":"","ast-featured-img":"","footer-sml-layout":"","theme-transparent-header-meta":"default","adv-header-id-meta":"","stick-header-meta":"","header-above-stick-meta":"","header-main-stick-meta":"","header-below-stick-meta":""},"product_cat":[15,35],"product_tag":[],"_links":{"self":[{"href":"https:\/\/yuan-hung.com\/vi\/wp-json\/wp\/v2\/product\/2693"}],"collection":[{"href":"https:\/\/yuan-hung.com\/vi\/wp-json\/wp\/v2\/product"}],"about":[{"href":"https:\/\/yuan-hung.com\/vi\/wp-json\/wp\/v2\/types\/product"}],"replies":[{"embeddable":true,"href":"https:\/\/yuan-hung.com\/vi\/wp-json\/wp\/v2\/comments?post=2693"}],"wp:featuredmedia":[{"embeddable":true,"href":"https:\/\/yuan-hung.com\/vi\/wp-json\/wp\/v2\/media\/2694"}],"wp:attachment":[{"href":"https:\/\/yuan-hung.com\/vi\/wp-json\/wp\/v2\/media?parent=2693"}],"wp:term":[{"taxonomy":"product_cat","embeddable":true,"href":"https:\/\/yuan-hung.com\/vi\/wp-json\/wp\/v2\/product_cat?post=2693"},{"taxonomy":"product_tag","embeddable":true,"href":"https:\/\/yuan-hung.com\/vi\/wp-json\/wp\/v2\/product_tag?post=2693"}],"curies":[{"name":"wp","href":"https:\/\/api.w.org\/{rel}","templated":true}]}}