{"id":2727,"date":"2022-10-14T10:07:16","date_gmt":"2022-10-14T03:07:16","guid":{"rendered":"https:\/\/khacphong.com\/?post_type=product&#038;p=2727"},"modified":"2022-10-14T10:07:17","modified_gmt":"2022-10-14T03:07:17","slug":"may-zig-zag-yl-122","status":"publish","type":"product","link":"https:\/\/yuan-hung.com\/vi\/san-pham\/may-zig-zag-yl-122\/","title":{"rendered":"M\u00e1y ZIG ZAG YL-122"},"content":{"rendered":"<p>\u0110\u1ed9 cao n\u00e2ng ch\u00e2n v\u1ecbt: 12mm. Kim: DPX17<\/p>\n<p>Th\u00edch h\u1ee3p \u0111\u1ec3 may c\u00e1c v\u1eadt li\u1ec7u v\u1eeba v\u00e0 n\u1eb7ng, may t\u1ea5t c\u1ea3 c\u00e1c lo\u1ea1i qu\u1ea7n \u00e1o da, t\u00fai da, h\u00e0nh l\u00fd, gi\u00e0y d\u00e9p, gi\u00e0y th\u1ec3 thao, \u0111\u1ed3 th\u1ec3 thao, v\u1ea3i b\u1ea1t, qu\u1ea7n jean, v\u1ea3i b\u1ecdc cao su, tay \u00e1o b\u00ean trong b\u1eb1ng x\u1ed1p, c\u00e1c s\u1ea3n ph\u1ea9m da kh\u00e1c nhau v\u00e0 nhi\u1ec1u l\u1edbp v\u1eadt li\u1ec7u, phim, v.v.<\/p>\n<p><img loading=\"lazy\" class=\"alignnone  wp-image-1627\" src=\"https:\/\/khacphong.com\/wp-content\/uploads\/2022\/09\/yl-122.1-300x105.jpg\" alt=\"\" width=\"603\" height=\"211\" srcset=\"https:\/\/yuan-hung.com\/wp-content\/uploads\/2022\/09\/yl-122.1-300x105.jpg 300w, https:\/\/yuan-hung.com\/wp-content\/uploads\/2022\/09\/yl-122.1-768x269.jpg 768w, https:\/\/yuan-hung.com\/wp-content\/uploads\/2022\/09\/yl-122.1-600x210.jpg 600w, https:\/\/yuan-hung.com\/wp-content\/uploads\/2022\/09\/yl-122.1.jpg 957w\" sizes=\"(max-width: 603px) 100vw, 603px\" \/><\/p>\n","protected":false},"excerpt":{"rendered":"<p>M\u00e3 s\u1ea3n ph\u1ea9m: YL-122<\/p>\n","protected":false},"featured_media":1629,"comment_status":"open","ping_status":"closed","template":"","meta":{"site-sidebar-layout":"default","site-content-layout":"default","ast-global-header-display":"","ast-main-header-display":"","ast-hfb-above-header-display":"","ast-hfb-below-header-display":"","ast-hfb-mobile-header-display":"","site-post-title":"","ast-breadcrumbs-content":"","ast-featured-img":"","footer-sml-layout":"","theme-transparent-header-meta":"default","adv-header-id-meta":"","stick-header-meta":"","header-above-stick-meta":"","header-main-stick-meta":"","header-below-stick-meta":""},"product_cat":[15,35],"product_tag":[],"_links":{"self":[{"href":"https:\/\/yuan-hung.com\/vi\/wp-json\/wp\/v2\/product\/2727"}],"collection":[{"href":"https:\/\/yuan-hung.com\/vi\/wp-json\/wp\/v2\/product"}],"about":[{"href":"https:\/\/yuan-hung.com\/vi\/wp-json\/wp\/v2\/types\/product"}],"replies":[{"embeddable":true,"href":"https:\/\/yuan-hung.com\/vi\/wp-json\/wp\/v2\/comments?post=2727"}],"wp:featuredmedia":[{"embeddable":true,"href":"https:\/\/yuan-hung.com\/vi\/wp-json\/wp\/v2\/media\/1629"}],"wp:attachment":[{"href":"https:\/\/yuan-hung.com\/vi\/wp-json\/wp\/v2\/media?parent=2727"}],"wp:term":[{"taxonomy":"product_cat","embeddable":true,"href":"https:\/\/yuan-hung.com\/vi\/wp-json\/wp\/v2\/product_cat?post=2727"},{"taxonomy":"product_tag","embeddable":true,"href":"https:\/\/yuan-hung.com\/vi\/wp-json\/wp\/v2\/product_tag?post=2727"}],"curies":[{"name":"wp","href":"https:\/\/api.w.org\/{rel}","templated":true}]}}