{"id":2777,"date":"2022-10-25T10:37:58","date_gmt":"2022-10-25T03:37:58","guid":{"rendered":"https:\/\/khacphong.com\/?post_type=product&#038;p=2777"},"modified":"2024-06-05T14:27:12","modified_gmt":"2024-06-05T07:27:12","slug":"may-may-vi-tinh-lap-trinh-plk-g2010r","status":"publish","type":"product","link":"https:\/\/yuan-hung.com\/vi\/san-pham\/may-may-vi-tinh-lap-trinh-plk-g2010r\/","title":{"rendered":"M\u00e1y may vi t\u00ednh (l\u1eadp tr\u00ecnh) PLK-G2010R"},"content":{"rendered":"<table width=\"661\">\n<tbody>\n<tr>\n<td width=\"257\">Model<\/td>\n<td width=\"404\">G2010R<\/td>\n<\/tr>\n<tr>\n<td width=\"257\">M\u1eabu may<\/td>\n<td width=\"404\">T\u1ef1 \u0111\u1ed9ng may 1 kim<\/td>\n<\/tr>\n<tr>\n<td width=\"257\">M\u00f3c<\/td>\n<td width=\"404\">M\u00f3c \u0111\u00f4i quay \u0111a chi\u1ec1u<\/td>\n<\/tr>\n<tr>\n<td width=\"257\">Kho\u1ea3ng c\u00e1ch may<\/td>\n<td width=\"404\">200mm x 100mm<\/td>\n<\/tr>\n<tr>\n<td width=\"257\">T\u1ed1c \u0111\u1ed9 may t\u1ed1i \u0111a<\/td>\n<td width=\"404\">2800 m\u0169i\/ph\u00fat<\/td>\n<\/tr>\n<tr>\n<td width=\"257\">Ph\u01b0\u01a1ng th\u1ee9c may<\/td>\n<td width=\"404\">Li\u00ean t\u1ee5c ho\u1eb7c gi\u00e1n \u0111o\u1ea1n<\/td>\n<\/tr>\n<tr>\n<td width=\"257\">M\u0169i may<\/td>\n<td width=\"404\">0.1\u00a0\u00a0\u00a0\u00a0\u00a0\u00a0\u00a020.0mm (\u0111\u01a1n v\u1ecb c\u00e0i \u0111\u1eb7t 0.1mm)<\/td>\n<\/tr>\n<tr>\n<td width=\"257\">S\u1ed1 l\u01b0\u1ee3ng kim t\u1ed1i \u0111a<\/td>\n<td width=\"404\">20.000 m\u0169i may\/ m\u1eabu may<\/td>\n<\/tr>\n<tr>\n<td width=\"257\">S\u1ed1 l\u01b0\u1ee3ng m\u1eabu l\u01b0u tr\u1eef t\u1ed1i \u0111a<\/td>\n<td width=\"404\">900 m\u1eabu<\/td>\n<\/tr>\n<tr>\n<td width=\"257\">Ph\u00f3ng to \u2013 Thu nh\u1ecf<\/td>\n<td width=\"404\">10% ~ 20% cho m\u1ed7i tr\u1ee5c X \/ Y (\u0111\u1ed9 ch\u00ednh x\u00e1c 0,1%)<\/td>\n<\/tr>\n<tr>\n<td width=\"257\">Ph\u01b0\u01a1ng ti\u1ec7n l\u01b0u tr\u1eef<\/td>\n<td width=\"404\">B\u1ed9 nh\u1edb flash USB (kh\u00f4ng ph\u1ea3i ti\u00eau chu\u1ea9n tr\u00ean m\u00e1y may)<\/p>\n<p>C\u00f3 th\u1ec3 \u0111\u01b0\u1ee3c k\u1ebft n\u1ed1i v\u1edbi \u1ed5 \u0111\u0129a m\u1ec1m c\u00f3 giao di\u1ec7n USB)<\/td>\n<\/tr>\n<tr>\n<td width=\"257\">Tr\u1ecdng l\u01b0\u1ee3ng<\/td>\n<td width=\"404\">147Kg<\/td>\n<\/tr>\n<tr>\n<td width=\"257\">\u0110\u1ed9 cao n\u00e2ng ch\u00e2n v\u1ecbt<\/td>\n<td width=\"404\">30mm<\/td>\n<\/tr>\n<tr>\n<td width=\"257\">Ph\u01b0\u01a1ng ph\u00e1p ch\u00e2n v\u1ecbt b\u00ean ngo\u00e0i<\/td>\n<td width=\"404\">Kh\u00ed n\u00e9n<\/td>\n<\/tr>\n<tr>\n<td width=\"257\">Ph\u01b0\u01a1ng ph\u00e1p ch\u00e2n v\u1ecbt th\u1ee7 c\u00f4ng<\/td>\n<td width=\"404\">Kh\u00f4ng b\u1eaft bu\u1ed9c<\/td>\n<\/tr>\n<tr>\n<td width=\"257\">N\u00e2ng ch\u00e2n v\u1ecbt trung gian<\/td>\n<td width=\"404\">T\u1ed1i \u0111a 15mm (\u0111\u01a1n v\u1ecb c\u00e0i \u0111\u1eb7t 0,2mm)<\/td>\n<\/tr>\n<tr>\n<td width=\"257\">H\u00e0nh tr\u00ecnh ch\u00e2n v\u1ecbt gi\u1eefa<\/td>\n<td width=\"404\">4~10\u00a0mm<\/td>\n<\/tr>\n<tr>\n<td width=\"257\">\u0110\u1ed9ng c\u01a1 tr\u1ee5c ch\u00ednh<\/td>\n<td width=\"404\">\u0110\u1ed9ng c\u01a1 truy\u1ec1n \u0111\u1ed9ng tr\u1ef1c ti\u1ebfp Mitsubishi 750W<\/td>\n<\/tr>\n<tr>\n<td width=\"257\">Kim<\/td>\n<td width=\"404\">DP x 17#18<\/td>\n<\/tr>\n<tr>\n<td width=\"257\">B\u1ea3ng \u0111i\u1ec1u khi\u1ec3n<\/td>\n<td width=\"404\">M\u00e0n h\u00ecnh c\u1ea3m \u1ee9ng LCD 5,7 \u201c, \u0111\u00e8n n\u1ec1n LED tr\u1eafng<\/td>\n<\/tr>\n<tr>\n<td width=\"257\">K\u00edch th\u01b0\u1edbc<\/td>\n<td width=\"404\">1.200 mm (W) x 930 mm (D) x 1.230 mm (H) (kh\u00f4ng bao g\u1ed3m b\u1ea3ng \u0111i\u1ec1u khi\u1ec3n)<\/td>\n<\/tr>\n<tr>\n<td width=\"257\">Ngu\u1ed3n<\/td>\n<td width=\"404\">220 ~ 240V, m\u1ed9t pha \/ ba pha<\/p>\n<p>110 ~ 120V, 380 ~ 415V (C\u00f3 s\u1eb5n \u0111\u01a1n v\u1ecb t\u00f9y ch\u1ecdn)<\/td>\n<\/tr>\n<\/tbody>\n<\/table>\n","protected":false},"excerpt":{"rendered":"<p>M\u00e3 s\u1ea3n ph\u1ea9m: PLK-G2010R<\/p>\n","protected":false},"featured_media":1491,"comment_status":"open","ping_status":"closed","template":"","meta":{"site-sidebar-layout":"default","site-content-layout":"default","ast-global-header-display":"","ast-main-header-display":"","ast-hfb-above-header-display":"","ast-hfb-below-header-display":"","ast-hfb-mobile-header-display":"","site-post-title":"","ast-breadcrumbs-content":"","ast-featured-img":"","footer-sml-layout":"","theme-transparent-header-meta":"default","adv-header-id-meta":"","stick-header-meta":"","header-above-stick-meta":"","header-main-stick-meta":"","header-below-stick-meta":""},"product_cat":[238,262],"product_tag":[],"_links":{"self":[{"href":"https:\/\/yuan-hung.com\/vi\/wp-json\/wp\/v2\/product\/2777"}],"collection":[{"href":"https:\/\/yuan-hung.com\/vi\/wp-json\/wp\/v2\/product"}],"about":[{"href":"https:\/\/yuan-hung.com\/vi\/wp-json\/wp\/v2\/types\/product"}],"replies":[{"embeddable":true,"href":"https:\/\/yuan-hung.com\/vi\/wp-json\/wp\/v2\/comments?post=2777"}],"wp:featuredmedia":[{"embeddable":true,"href":"https:\/\/yuan-hung.com\/vi\/wp-json\/wp\/v2\/media\/1491"}],"wp:attachment":[{"href":"https:\/\/yuan-hung.com\/vi\/wp-json\/wp\/v2\/media?parent=2777"}],"wp:term":[{"taxonomy":"product_cat","embeddable":true,"href":"https:\/\/yuan-hung.com\/vi\/wp-json\/wp\/v2\/product_cat?post=2777"},{"taxonomy":"product_tag","embeddable":true,"href":"https:\/\/yuan-hung.com\/vi\/wp-json\/wp\/v2\/product_tag?post=2777"}],"curies":[{"name":"wp","href":"https:\/\/api.w.org\/{rel}","templated":true}]}}