{"id":2796,"date":"2022-10-26T08:42:31","date_gmt":"2022-10-26T01:42:31","guid":{"rendered":"https:\/\/khacphong.com\/?post_type=product&#038;p=2796"},"modified":"2022-10-26T08:45:11","modified_gmt":"2022-10-26T01:45:11","slug":"may-vien-tum-dau-nho-yl-162","status":"publish","type":"product","link":"https:\/\/yuan-hung.com\/vi\/san-pham\/may-vien-tum-dau-nho-yl-162\/","title":{"rendered":"M\u00e1y vi\u1ec1n t\u00fam \u0111\u1ea7u nh\u1ecf YL-162"},"content":{"rendered":"<p>T\u00ednh n\u0103ng:<\/p>\n<p>&#8211; M\u00e1y n\u00e0y \u0111\u01b0\u1ee3c trang b\u1ecb thi\u1ebft b\u1ecb c\u1eaft ch\u1ec9 t\u1ef1 \u0111\u1ed9ng, gi\u00fap gi\u1ea3m \u0111\u00e1ng k\u1ec3 c\u00e1c quy tr\u00ecnh v\u1eadn h\u00e0nh l\u1eb7p \u0111i l\u1eb7p l\u1ea1i trong qu\u00e1 kh\u1ee9, do \u0111\u00f3 ti\u1ebft ki\u1ec7m gi\u1edd c\u00f4ng, n\u00e2ng cao hi\u1ec7u qu\u1ea3 s\u1ea3n xu\u1ea5t;<br \/>\n&#8211; H\u1ed7 tr\u1ee3 gi\u00e1n ti\u1ebfp \u0111\u1ea9y nhanh ti\u1ebfn \u0111\u1ed9 s\u1ea3n xu\u1ea5t, ngo\u00e0i ra thi\u1ebft b\u1ecb truy\u1ec1n \u0111\u1ed9ng tr\u1ef1c ti\u1ebfp \u0111\u1eb7c bi\u1ec7t gi\u00fap m\u00e1y ti\u1ebft ki\u1ec7m \u0111i\u1ec7n h\u01a1n t\u1eeb \u0111\u00f3 gi\u1ea3m chi ph\u00ed v\u1eadn h\u00e0nh.<\/p>\n","protected":false},"excerpt":{"rendered":"<p>M\u00e3 s\u1ea3n ph\u1ea9m: YL-162<\/p>\n","protected":false},"featured_media":1669,"comment_status":"open","ping_status":"closed","template":"","meta":{"site-sidebar-layout":"default","site-content-layout":"default","ast-global-header-display":"","ast-main-header-display":"","ast-hfb-above-header-display":"","ast-hfb-below-header-display":"","ast-hfb-mobile-header-display":"","site-post-title":"","ast-breadcrumbs-content":"","ast-featured-img":"","footer-sml-layout":"","theme-transparent-header-meta":"default","adv-header-id-meta":"","stick-header-meta":"","header-above-stick-meta":"","header-main-stick-meta":"","header-below-stick-meta":""},"product_cat":[15,35],"product_tag":[],"_links":{"self":[{"href":"https:\/\/yuan-hung.com\/vi\/wp-json\/wp\/v2\/product\/2796"}],"collection":[{"href":"https:\/\/yuan-hung.com\/vi\/wp-json\/wp\/v2\/product"}],"about":[{"href":"https:\/\/yuan-hung.com\/vi\/wp-json\/wp\/v2\/types\/product"}],"replies":[{"embeddable":true,"href":"https:\/\/yuan-hung.com\/vi\/wp-json\/wp\/v2\/comments?post=2796"}],"wp:featuredmedia":[{"embeddable":true,"href":"https:\/\/yuan-hung.com\/vi\/wp-json\/wp\/v2\/media\/1669"}],"wp:attachment":[{"href":"https:\/\/yuan-hung.com\/vi\/wp-json\/wp\/v2\/media?parent=2796"}],"wp:term":[{"taxonomy":"product_cat","embeddable":true,"href":"https:\/\/yuan-hung.com\/vi\/wp-json\/wp\/v2\/product_cat?post=2796"},{"taxonomy":"product_tag","embeddable":true,"href":"https:\/\/yuan-hung.com\/vi\/wp-json\/wp\/v2\/product_tag?post=2796"}],"curies":[{"name":"wp","href":"https:\/\/api.w.org\/{rel}","templated":true}]}}