{"id":2803,"date":"2022-10-26T09:34:33","date_gmt":"2022-10-26T02:34:33","guid":{"rendered":"https:\/\/khacphong.com\/?post_type=product&#038;p=2803"},"modified":"2022-10-26T09:34:33","modified_gmt":"2022-10-26T02:34:33","slug":"may-may-zig-zag-yl-123","status":"publish","type":"product","link":"https:\/\/yuan-hung.com\/vi\/san-pham\/may-may-zig-zag-yl-123\/","title":{"rendered":"M\u00e1y may ZIG ZAG YL-123"},"content":{"rendered":"<p>Th\u00edch h\u1ee3p \u0111\u1ec3 may c\u00e1c v\u1eadt li\u1ec7u v\u1eeba v\u00e0 n\u1eb7ng, may c\u00e1c m\u1eb7t h\u00e0ng tr\u00e1m kh\u00e1c nhau, t\u00fai x\u00e1ch, gi\u00e0y d\u00e9p, gi\u00e0y th\u1ec3 thao, b\u1ed9 \u0111\u1ed3 l\u1eb7n, gi\u00e0y \u0111i tuy\u1ebft, \u0111\u1ed3 th\u1ec3 thao, b\u1ea3o v\u1ec7 c\u1ed5 tay, mi\u1ebfng \u0111\u1ec7m \u0111\u1ea7u g\u1ed1i, v\u1ea3i b\u1ea1t, qu\u1ea7n \u00e1o ch\u1ed1ng th\u1ea5m n\u01b0\u1edbc, t\u1ea5t c\u1ea3 c\u00e1c lo\u1ea1i qu\u1ea7n \u00e1o may s\u1eb5n, qu\u1ea7n jean, d\u00e0i v\u00e0\u00a0 v\u1eadt li\u1ec7u co gi\u00e3n, v\u1ea3i b\u1ecdc cao su, m\u0169 b\u1ea3o h\u1ed9, tay \u00e1o b\u00ean trong b\u1eb1ng x\u1ed1p, c\u00e1c s\u1ea3n ph\u1ea9m da kh\u00e1c nhau v\u00e0 v\u1eadt li\u1ec7u nhi\u1ec1u l\u1edbp li\u1ec1n m\u1ea1ch, v.v.<\/p>\n<p><img loading=\"lazy\" class=\"alignnone  wp-image-1633\" src=\"https:\/\/khacphong.com\/wp-content\/uploads\/2022\/09\/yl-123.1-300x70.jpg\" alt=\"\" width=\"892\" height=\"208\" srcset=\"https:\/\/yuan-hung.com\/wp-content\/uploads\/2022\/09\/yl-123.1-300x70.jpg 300w, https:\/\/yuan-hung.com\/wp-content\/uploads\/2022\/09\/yl-123.1-768x180.jpg 768w, https:\/\/yuan-hung.com\/wp-content\/uploads\/2022\/09\/yl-123.1-600x140.jpg 600w, https:\/\/yuan-hung.com\/wp-content\/uploads\/2022\/09\/yl-123.1.jpg 778w\" sizes=\"(max-width: 892px) 100vw, 892px\" \/><\/p>\n","protected":false},"excerpt":{"rendered":"<p>M\u00e3 s\u1ea3n ph\u1ea9m: YL-123<\/p>\n","protected":false},"featured_media":1635,"comment_status":"open","ping_status":"closed","template":"","meta":{"site-sidebar-layout":"default","site-content-layout":"default","ast-global-header-display":"","ast-main-header-display":"","ast-hfb-above-header-display":"","ast-hfb-below-header-display":"","ast-hfb-mobile-header-display":"","site-post-title":"","ast-breadcrumbs-content":"","ast-featured-img":"","footer-sml-layout":"","theme-transparent-header-meta":"default","adv-header-id-meta":"","stick-header-meta":"","header-above-stick-meta":"","header-main-stick-meta":"","header-below-stick-meta":""},"product_cat":[15,35],"product_tag":[],"_links":{"self":[{"href":"https:\/\/yuan-hung.com\/vi\/wp-json\/wp\/v2\/product\/2803"}],"collection":[{"href":"https:\/\/yuan-hung.com\/vi\/wp-json\/wp\/v2\/product"}],"about":[{"href":"https:\/\/yuan-hung.com\/vi\/wp-json\/wp\/v2\/types\/product"}],"replies":[{"embeddable":true,"href":"https:\/\/yuan-hung.com\/vi\/wp-json\/wp\/v2\/comments?post=2803"}],"wp:featuredmedia":[{"embeddable":true,"href":"https:\/\/yuan-hung.com\/vi\/wp-json\/wp\/v2\/media\/1635"}],"wp:attachment":[{"href":"https:\/\/yuan-hung.com\/vi\/wp-json\/wp\/v2\/media?parent=2803"}],"wp:term":[{"taxonomy":"product_cat","embeddable":true,"href":"https:\/\/yuan-hung.com\/vi\/wp-json\/wp\/v2\/product_cat?post=2803"},{"taxonomy":"product_tag","embeddable":true,"href":"https:\/\/yuan-hung.com\/vi\/wp-json\/wp\/v2\/product_tag?post=2803"}],"curies":[{"name":"wp","href":"https:\/\/api.w.org\/{rel}","templated":true}]}}