{"id":2805,"date":"2022-10-26T09:38:09","date_gmt":"2022-10-26T02:38:09","guid":{"rendered":"https:\/\/khacphong.com\/?post_type=product&#038;p=2805"},"modified":"2022-10-26T09:55:08","modified_gmt":"2022-10-26T02:55:08","slug":"may-tru-1-kim-zig-zag-yl-124","status":"publish","type":"product","link":"https:\/\/yuan-hung.com\/vi\/san-pham\/may-tru-1-kim-zig-zag-yl-124\/","title":{"rendered":"M\u00e1y tr\u1ee5 1 kim ZIG ZAG YL-124"},"content":{"rendered":"<p>M\u00e1y th\u00edch h\u1ee3p \u0111\u1ec3 may c\u00e1c h\u00ecnh d\u1ea1ng \u0111\u1eb7c bi\u1ec7t nh\u01b0 l\u1ed3i l\u00f5m, t\u00fai, v\u00f2ng cung, &#8230;<\/p>\n<p>C\u00f3 hai \u0111i\u1ec3m, ba \u0111i\u1ec3m v\u00e0 b\u1ed1n \u0111i\u1ec3m \u0111\u1ec3 b\u1ea1n l\u1ef1a ch\u1ecdn.<\/p>\n<p><img loading=\"lazy\" class=\"alignnone wp-image-1639\" src=\"https:\/\/khacphong.com\/wp-content\/uploads\/2022\/09\/yl-124.1-300x106.jpg\" alt=\"\" width=\"838\" height=\"296\" srcset=\"https:\/\/yuan-hung.com\/wp-content\/uploads\/2022\/09\/yl-124.1-300x106.jpg 300w, https:\/\/yuan-hung.com\/wp-content\/uploads\/2022\/09\/yl-124.1-768x270.jpg 768w, https:\/\/yuan-hung.com\/wp-content\/uploads\/2022\/09\/yl-124.1-600x211.jpg 600w, https:\/\/yuan-hung.com\/wp-content\/uploads\/2022\/09\/yl-124.1.jpg 935w\" sizes=\"(max-width: 838px) 100vw, 838px\" \/><\/p>\n","protected":false},"excerpt":{"rendered":"<p>M\u00e3 s\u1ea3n ph\u1ea9m: YL-124<\/p>\n","protected":false},"featured_media":1641,"comment_status":"open","ping_status":"closed","template":"","meta":{"site-sidebar-layout":"default","site-content-layout":"default","ast-global-header-display":"","ast-main-header-display":"","ast-hfb-above-header-display":"","ast-hfb-below-header-display":"","ast-hfb-mobile-header-display":"","site-post-title":"","ast-breadcrumbs-content":"","ast-featured-img":"","footer-sml-layout":"","theme-transparent-header-meta":"default","adv-header-id-meta":"","stick-header-meta":"","header-above-stick-meta":"","header-main-stick-meta":"","header-below-stick-meta":""},"product_cat":[15,35],"product_tag":[],"_links":{"self":[{"href":"https:\/\/yuan-hung.com\/vi\/wp-json\/wp\/v2\/product\/2805"}],"collection":[{"href":"https:\/\/yuan-hung.com\/vi\/wp-json\/wp\/v2\/product"}],"about":[{"href":"https:\/\/yuan-hung.com\/vi\/wp-json\/wp\/v2\/types\/product"}],"replies":[{"embeddable":true,"href":"https:\/\/yuan-hung.com\/vi\/wp-json\/wp\/v2\/comments?post=2805"}],"wp:featuredmedia":[{"embeddable":true,"href":"https:\/\/yuan-hung.com\/vi\/wp-json\/wp\/v2\/media\/1641"}],"wp:attachment":[{"href":"https:\/\/yuan-hung.com\/vi\/wp-json\/wp\/v2\/media?parent=2805"}],"wp:term":[{"taxonomy":"product_cat","embeddable":true,"href":"https:\/\/yuan-hung.com\/vi\/wp-json\/wp\/v2\/product_cat?post=2805"},{"taxonomy":"product_tag","embeddable":true,"href":"https:\/\/yuan-hung.com\/vi\/wp-json\/wp\/v2\/product_tag?post=2805"}],"curies":[{"name":"wp","href":"https:\/\/api.w.org\/{rel}","templated":true}]}}