{"id":2809,"date":"2022-10-26T10:28:43","date_gmt":"2022-10-26T03:28:43","guid":{"rendered":"https:\/\/khacphong.com\/?post_type=product&#038;p=2809"},"modified":"2022-10-26T10:28:43","modified_gmt":"2022-10-26T03:28:43","slug":"may-zig-zag-chi-to-than-dai-yl-125","status":"publish","type":"product","link":"https:\/\/yuan-hung.com\/vi\/san-pham\/may-zig-zag-chi-to-than-dai-yl-125\/","title":{"rendered":"M\u00e1y ZIG ZAG ch\u1ec9 to th\u00e2n d\u00e0i YL-125"},"content":{"rendered":"<p>Ph\u1ea7n thi\u1ebft k\u1ebf m\u1edbi t\u1ea1o ra \u0111\u01b0\u1eddng may ngo\u1eb1n ngo\u00e8o \u0111a \u0111i\u1ec3m \u1edf ch\u00e2n v\u1ecbt \u0111\u01a1n.<\/p>\n<p>Vi\u1ec7c s\u1eed d\u1ee5ng con thoi ki\u1ec3u quay n\u1eeda v\u00f2ng l\u00e0m gi\u1ea3m s\u1ed1 l\u1ea7n thay su\u1ed1t ch\u1ec9.<\/p>\n<p>Th\u00edch h\u1ee3p cho c\u00e1c \u0111\u01b0\u1eddng may zic zac, \u0111\u01b0\u1eddng may ch\u1eafp v\u00e1, \u0111\u01b0\u1eddng may trang tr\u00ed gh\u1ebf sofa, \u0111\u1ec7m, gi\u00e0y d\u00e9p, c\u00e1c s\u1ea3n ph\u1ea9m da.<\/p>\n<p>M\u1eb7t nguy\u1ec7t c\u00f3 th\u1ec3 thay \u0111\u1ed5i cho nhau \u0111\u1ec3 may c\u00e1c m\u0169i kh\u00e1c nhau.<\/p>\n<p><img loading=\"lazy\" class=\"alignnone  wp-image-1645\" src=\"https:\/\/khacphong.com\/wp-content\/uploads\/2022\/09\/yl-125.1-300x187.jpg\" alt=\"\" width=\"804\" height=\"501\" srcset=\"https:\/\/yuan-hung.com\/wp-content\/uploads\/2022\/09\/yl-125.1-300x187.jpg 300w, https:\/\/yuan-hung.com\/wp-content\/uploads\/2022\/09\/yl-125.1-600x373.jpg 600w, https:\/\/yuan-hung.com\/wp-content\/uploads\/2022\/09\/yl-125.1.jpg 707w\" sizes=\"(max-width: 804px) 100vw, 804px\" \/><\/p>\n","protected":false},"excerpt":{"rendered":"<p>M\u00e3 s\u1ea3n ph\u1ea9m: YL-125<\/p>\n","protected":false},"featured_media":1647,"comment_status":"open","ping_status":"closed","template":"","meta":{"site-sidebar-layout":"default","site-content-layout":"default","ast-global-header-display":"","ast-main-header-display":"","ast-hfb-above-header-display":"","ast-hfb-below-header-display":"","ast-hfb-mobile-header-display":"","site-post-title":"","ast-breadcrumbs-content":"","ast-featured-img":"","footer-sml-layout":"","theme-transparent-header-meta":"default","adv-header-id-meta":"","stick-header-meta":"","header-above-stick-meta":"","header-main-stick-meta":"","header-below-stick-meta":""},"product_cat":[15,35],"product_tag":[],"_links":{"self":[{"href":"https:\/\/yuan-hung.com\/vi\/wp-json\/wp\/v2\/product\/2809"}],"collection":[{"href":"https:\/\/yuan-hung.com\/vi\/wp-json\/wp\/v2\/product"}],"about":[{"href":"https:\/\/yuan-hung.com\/vi\/wp-json\/wp\/v2\/types\/product"}],"replies":[{"embeddable":true,"href":"https:\/\/yuan-hung.com\/vi\/wp-json\/wp\/v2\/comments?post=2809"}],"wp:featuredmedia":[{"embeddable":true,"href":"https:\/\/yuan-hung.com\/vi\/wp-json\/wp\/v2\/media\/1647"}],"wp:attachment":[{"href":"https:\/\/yuan-hung.com\/vi\/wp-json\/wp\/v2\/media?parent=2809"}],"wp:term":[{"taxonomy":"product_cat","embeddable":true,"href":"https:\/\/yuan-hung.com\/vi\/wp-json\/wp\/v2\/product_cat?post=2809"},{"taxonomy":"product_tag","embeddable":true,"href":"https:\/\/yuan-hung.com\/vi\/wp-json\/wp\/v2\/product_tag?post=2809"}],"curies":[{"name":"wp","href":"https:\/\/api.w.org\/{rel}","templated":true}]}}