{"id":5601,"date":"2025-09-05T14:15:43","date_gmt":"2025-09-05T07:15:43","guid":{"rendered":"https:\/\/yuan-hung.com\/?post_type=product&#038;p=5601"},"modified":"2025-11-13T11:46:15","modified_gmt":"2025-11-13T04:46:15","slug":"may-may-mieng-bao-cam-tay-pin-yl-5-36v","status":"publish","type":"product","link":"https:\/\/yuan-hung.com\/vi\/san-pham\/may-may-mieng-bao-cam-tay-pin-yl-5-36v\/","title":{"rendered":"M\u00e1y may mi\u1ec7ng bao c\u1ea7m tay pin YL-5-36V"},"content":{"rendered":"<p><strong>H\u01af\u1edaNG D\u1eaaN S\u1eec D\u1ee4NG PIN\/S\u1ea0C<\/strong><\/p>\n<p><strong>1\/ C\u1ee5c pin s\u1ea1c ph\u1ea3i \u0111\u1ec3 \u1edf n\u01a1i tho\u00e1ng m\u00e1t, tr\u00e1nh n\u01a1i \u1ea9m \u01b0\u1edbt v\u00e0 \u00e1nh n\u1eafng m\u1eb7t tr\u1eddi chi\u1ebfu tr\u1ef1c ti\u1ebfp, tr\u00e1nh xa n\u01a1i c\u00f3 l\u1eeda v\u00e0 m\u00f4i tr\u01b0\u1eddng c\u00f3 nhi\u1ec7t \u0111\u1ed9 cao h\u01a1n 40\u00baC.<\/strong><\/p>\n<p><strong>2\/ <\/strong><strong>D\u00f9ng \u0111\u00fang b\u1ed9 s\u1ea1c do nh\u00e0 s\u1ea3n xu\u1ea5t khuy\u1ebfn ngh\u1ecb, \u0111\u1ea3m b\u1ea3o s\u1ea1c c\u00f3 kh\u00f4ng gian \u0111\u1ec3 t\u1ecfa nhi\u1ec7t (kh\u00f4ng ph\u1ee7 k\u00edn).<\/strong> <strong>Ng\u1eaft s\u1ea1c ngay khi \u0111\u1ea7y, tr\u00e1nh s\u1ea1c h\u01a1n 4 ti\u1ebfng<\/strong><strong>. Pin sau khi s\u1ea1c, <\/strong><strong>c\u1ea7n ngu\u1ed9i ho\u00e0n to\u00e0n m\u1edbi \u0111\u01b0\u1ee3c s\u1eed d\u1ee5ng (\u00edt nh\u1ea5t sau <\/strong><strong>20 ph<\/strong><strong>\u00fa<\/strong><strong>t).<\/strong><\/p>\n<p><strong>3\/ Pin sau khi s\u1eed d\u1ee5ng ph\u1ea3i \u0111\u1ec3 ngu\u1ed9i 30 ph<\/strong><strong>\u00fa<\/strong><strong>t m\u1edbi \u0111em \u0111i s\u1ea1c. <\/strong><\/p>\n<p><strong>4\/ Khi pin kh\u00f4ng s\u1eed d\u1ee5ng, l\u01b0\u1ee3ng \u0111i\u1ec7n tr\u1eef trong pin ph\u1ea3i c\u00f2n \u0111\u01b0\u1ee3c \u00edt nh\u1ea5t 30%, n\u1ebfu \u0111\u1ec3 tr\u00ean 03 th\u00e1ng kh\u00f4ng s\u1eed d\u1ee5ng, ph\u1ea3i th\u00e1o pin ra c\u1eafm v\u00e0o b\u1ed9 s\u1ea1c \u0111\u1ec3 s\u1ea1c l\u1ea1i.<\/strong><\/p>\n<p><strong>5\/ <\/strong><strong>Kh\u00f4ng l\u00e0m \u01b0\u1edbt c\u1ee5c pin, khi pin c\u00f3 t\u00ecnh tr\u1ea1ng kh\u00e1c th\u01b0\u1eddng: c\u00f3 m\u00f9i h\u00f4i, b\u1ecb bi\u1ebfn d\u1ea1ng, \u0111\u1ed5i m\u00e0u, th\u00ec kh\u00f4ng n\u00ean s\u1eed d\u1ee5ng, ph\u1ea3i thay pin m\u1edbi<\/strong><\/p>\n<p><strong><em><u>\u00a0L\u01b0u \u00fd:<\/u><\/em><\/strong> <strong><em><u>S\u1ea1c 36V kh\u00f4ng s\u1ea1c chung v\u1edbi thi\u1ebft b\u1ecb 21V v\u00e0 ng\u01b0\u1ee3c l\u1ea1i \u0111\u1ec3 tr\u00e1nh ch\u00e1y n\u1ed5<\/u><\/em><\/strong><u>.<\/u><\/p>\n","protected":false},"excerpt":{"rendered":"<p>M\u00e3 s\u1ea3n ph\u1ea9m: YL-5-36V<\/p>\n","protected":false},"featured_media":5596,"comment_status":"open","ping_status":"closed","template":"","meta":{"site-sidebar-layout":"default","site-content-layout":"default","ast-global-header-display":"","ast-main-header-display":"","ast-hfb-above-header-display":"","ast-hfb-below-header-display":"","ast-hfb-mobile-header-display":"","site-post-title":"","ast-breadcrumbs-content":"","ast-featured-img":"","footer-sml-layout":"","theme-transparent-header-meta":"default","adv-header-id-meta":"","stick-header-meta":"","header-above-stick-meta":"","header-main-stick-meta":"","header-below-stick-meta":""},"product_cat":[34,235,39],"product_tag":[],"_links":{"self":[{"href":"https:\/\/yuan-hung.com\/vi\/wp-json\/wp\/v2\/product\/5601"}],"collection":[{"href":"https:\/\/yuan-hung.com\/vi\/wp-json\/wp\/v2\/product"}],"about":[{"href":"https:\/\/yuan-hung.com\/vi\/wp-json\/wp\/v2\/types\/product"}],"replies":[{"embeddable":true,"href":"https:\/\/yuan-hung.com\/vi\/wp-json\/wp\/v2\/comments?post=5601"}],"wp:featuredmedia":[{"embeddable":true,"href":"https:\/\/yuan-hung.com\/vi\/wp-json\/wp\/v2\/media\/5596"}],"wp:attachment":[{"href":"https:\/\/yuan-hung.com\/vi\/wp-json\/wp\/v2\/media?parent=5601"}],"wp:term":[{"taxonomy":"product_cat","embeddable":true,"href":"https:\/\/yuan-hung.com\/vi\/wp-json\/wp\/v2\/product_cat?post=5601"},{"taxonomy":"product_tag","embeddable":true,"href":"https:\/\/yuan-hung.com\/vi\/wp-json\/wp\/v2\/product_tag?post=5601"}],"curies":[{"name":"wp","href":"https:\/\/api.w.org\/{rel}","templated":true}]}}