{"id":643,"date":"2022-09-15T13:08:17","date_gmt":"2022-09-15T06:08:17","guid":{"rendered":"https:\/\/demo.vugiathanphap.com\/?post_type=product&#038;p=643"},"modified":"2022-10-04T16:24:56","modified_gmt":"2022-10-04T09:24:56","slug":"may-ban-1-kim-tu-dong-cat-chi-motor-lien-truc-o-nho-yl-20-d","status":"publish","type":"product","link":"https:\/\/yuan-hung.com\/vi\/san-pham\/may-ban-1-kim-tu-dong-cat-chi-motor-lien-truc-o-nho-yl-20-d\/","title":{"rendered":"M\u00e1y b\u00e0n 1 kim t\u1ef1 \u0111\u1ed9ng c\u1eaft ch\u1ec9 motor li\u1ec1n tr\u1ee5c (\u1ed5 nh\u1ecf) YL-20-D"},"content":{"rendered":"<p>S\u1eed d\u1ee5ng motor t\u1ef1 \u0111\u1ed9ng c\u1eaft ch\u1ec9 v\u1edbi s\u1ef1 kh\u1edfi \u0111\u1ed9ng nhanh ch\u00f3ng v\u00e0 s\u1ef1 ch\u00ednh x\u00e1c cao phanh c\u1ee7a m\u00e1y; gi\u1ea3m ti\u1ebfng \u1ed3n v\u00e0 \u0111\u1ed9 rung, \u0111\u1ed3ng th\u1eddi gi\u1ea3m m\u1ee9c ti\u00eau th\u1ee5 n\u0103ng l\u01b0\u1ee3ng. C\u00e1c ch\u1ee9c n\u0103ng c\u1eaft ch\u1ec9, k\u00e9o ch\u1ec9 v\u00e0 \u0111\u1ea3o ng\u01b0\u1ee3c may \u0111\u01a1n gi\u1ea3n h\u01a1n v\u00e0 v\u1eadn h\u00e0nh thu\u1eadn ti\u1ec7n h\u01a1n, gi\u00fap n\u00e2ng cao hi\u1ec7u qu\u1ea3 c\u00f4ng vi\u1ec7c \u0111\u00e1ng k\u1ec3, so v\u1edbi m\u00e1y kh\u00e2u th\u00f4ng th\u01b0\u1eddng th\u00ec hi\u1ec7u qu\u1ea3 s\u1ea3n xu\u1ea5t t\u0103ng h\u01a1n 15%.<\/p>\n<p>&nbsp;<\/p>\n<p><img loading=\"lazy\" class=\"alignnone wp-image-1407\" src=\"https:\/\/khacphong.com\/wp-content\/uploads\/2022\/09\/20-d.1-300x69.jpg\" alt=\"\" width=\"743\" height=\"171\" srcset=\"https:\/\/yuan-hung.com\/wp-content\/uploads\/2022\/09\/20-d.1-300x69.jpg 300w, https:\/\/yuan-hung.com\/wp-content\/uploads\/2022\/09\/20-d.1-600x138.jpg 600w, https:\/\/yuan-hung.com\/wp-content\/uploads\/2022\/09\/20-d.1.jpg 697w\" sizes=\"(max-width: 743px) 100vw, 743px\" \/><\/p>\n","protected":false},"excerpt":{"rendered":"<p>M\u00e3 s\u1ea3n ph\u1ea9m: YL-20-D<\/p>\n","protected":false},"featured_media":1509,"comment_status":"open","ping_status":"closed","template":"","meta":{"site-sidebar-layout":"default","site-content-layout":"default","ast-global-header-display":"","ast-main-header-display":"","ast-hfb-above-header-display":"","ast-hfb-below-header-display":"","ast-hfb-mobile-header-display":"","site-post-title":"","ast-breadcrumbs-content":"","ast-featured-img":"","footer-sml-layout":"","theme-transparent-header-meta":"default","adv-header-id-meta":"","stick-header-meta":"","header-above-stick-meta":"","header-main-stick-meta":"","header-below-stick-meta":""},"product_cat":[15,35],"product_tag":[],"_links":{"self":[{"href":"https:\/\/yuan-hung.com\/vi\/wp-json\/wp\/v2\/product\/643"}],"collection":[{"href":"https:\/\/yuan-hung.com\/vi\/wp-json\/wp\/v2\/product"}],"about":[{"href":"https:\/\/yuan-hung.com\/vi\/wp-json\/wp\/v2\/types\/product"}],"replies":[{"embeddable":true,"href":"https:\/\/yuan-hung.com\/vi\/wp-json\/wp\/v2\/comments?post=643"}],"wp:featuredmedia":[{"embeddable":true,"href":"https:\/\/yuan-hung.com\/vi\/wp-json\/wp\/v2\/media\/1509"}],"wp:attachment":[{"href":"https:\/\/yuan-hung.com\/vi\/wp-json\/wp\/v2\/media?parent=643"}],"wp:term":[{"taxonomy":"product_cat","embeddable":true,"href":"https:\/\/yuan-hung.com\/vi\/wp-json\/wp\/v2\/product_cat?post=643"},{"taxonomy":"product_tag","embeddable":true,"href":"https:\/\/yuan-hung.com\/vi\/wp-json\/wp\/v2\/product_tag?post=643"}],"curies":[{"name":"wp","href":"https:\/\/api.w.org\/{rel}","templated":true}]}}